{"id":1786,"date":"2022-12-26T19:55:01","date_gmt":"2022-12-26T19:55:01","guid":{"rendered":"https:\/\/petrounique.com\/fr\/?page_id=1786"},"modified":"2023-01-26T17:20:26","modified_gmt":"2023-01-26T17:20:26","slug":"about-us","status":"publish","type":"page","link":"https:\/\/petrounique.com\/fr\/about-us\/","title":{"rendered":"\u00c0 propos de nous"},"content":{"rendered":"\t\t<div data-elementor-type=\"wp-page\" data-elementor-id=\"1786\" class=\"elementor elementor-1786\">\n\t\t\t\t\t\t\t\t\t<section class=\"elementor-section elementor-top-section elementor-element elementor-element-c6af860 elementor-section-boxed elementor-section-height-default elementor-section-height-default xts-section-disabled\" data-id=\"c6af860\" data-element_type=\"section\">\n\t\t\t\t\t\t\t<div class=\"elementor-background-overlay\"><\/div>\n\t\t\t\t\t\t\t<div class=\"elementor-container elementor-column-gap-default\">\n\t\t\t\t\t<div class=\"elementor-column elementor-col-100 elementor-top-column elementor-element elementor-element-43280be\" data-id=\"43280be\" data-element_type=\"column\" data-settings=\"{&quot;background_background&quot;:&quot;classic&quot;}\">\n\t\t\t<div class=\"elementor-widget-wrap elementor-element-populated\">\n\t\t\t\t\t\t\t\t<div class=\"elementor-element elementor-element-8eaf0f8 elementor-widget elementor-widget-heading\" data-id=\"8eaf0f8\" data-element_type=\"widget\" data-widget_type=\"heading.default\">\n\t\t\t\t<div class=\"elementor-widget-container\">\n\t\t\t<style>\/*! elementor - v3.9.2 - 21-12-2022 *\/\n.elementor-heading-title{padding:0;margin:0;line-height:1}.elementor-widget-heading .elementor-heading-title[class*=elementor-size-]>a{color:inherit;font-size:inherit;line-height:inherit}.elementor-widget-heading .elementor-heading-title.elementor-size-small{font-size:15px}.elementor-widget-heading .elementor-heading-title.elementor-size-medium{font-size:19px}.elementor-widget-heading .elementor-heading-title.elementor-size-large{font-size:29px}.elementor-widget-heading .elementor-heading-title.elementor-size-xl{font-size:39px}.elementor-widget-heading .elementor-heading-title.elementor-size-xxl{font-size:59px}<\/style><h2 class=\"elementor-heading-title elementor-size-default\">\u00c0 propos de nous<\/h2>\t\t<\/div>\n\t\t\t\t<\/div>\n\t\t\t\t<div class=\"elementor-element elementor-element-8fb3ef7 xts-scheme-inherit xts-textalign-inherit elementor-widget elementor-widget-text-editor\" data-id=\"8fb3ef7\" data-element_type=\"widget\" data-widget_type=\"text-editor.default\">\n\t\t\t\t<div class=\"elementor-widget-container\">\n\t\t\t<style>\/*! elementor - v3.9.2 - 21-12-2022 *\/\n.elementor-widget-text-editor.elementor-drop-cap-view-stacked .elementor-drop-cap{background-color:#818a91;color:#fff}.elementor-widget-text-editor.elementor-drop-cap-view-framed .elementor-drop-cap{color:#818a91;border:3px solid;background-color:transparent}.elementor-widget-text-editor:not(.elementor-drop-cap-view-default) .elementor-drop-cap{margin-top:8px}.elementor-widget-text-editor:not(.elementor-drop-cap-view-default) .elementor-drop-cap-letter{width:1em;height:1em}.elementor-widget-text-editor .elementor-drop-cap{float:left;text-align:center;line-height:1;font-size:50px}.elementor-widget-text-editor .elementor-drop-cap-letter{display:inline-block}<\/style>\t\t\t\t<p>Le Groupe PETROUNIQUE a \u00e9t\u00e9 officiellement fond\u00e9 en 2011 en tant que soci\u00e9t\u00e9 holding apr\u00e8s deux d\u00e9cennies d&rsquo;exp\u00e9rience dans le secteur priv\u00e9 par une soci\u00e9t\u00e9 de capital-investissement de premier plan profond\u00e9ment enracin\u00e9e dans l&rsquo;industrie p\u00e9troli\u00e8re.<\/p><p>PETROUNIQUE DownStream est responsable de l&rsquo;EPC des mini-raffineries. En raison du besoin urgent de prot\u00e9ger les ressources conserv\u00e9es et d&#8217;emp\u00eacher l&rsquo;exportation de p\u00e9trole brut, cette filiale a \u00e9t\u00e9 cr\u00e9\u00e9e pour avoir des activit\u00e9s dans le domaine de la conception de projets, de la fabrication et de la fourniture d&rsquo;usines de d\u00e9riv\u00e9s du p\u00e9trole en utilisant les connaissances mondiales pour mettre en place des mini raffineries pour produire de l&rsquo;essence et diesel comme carburant. Pishgam Palayesh Force, en tant que filiale de PETROUNIQUE, propose des solutions d&rsquo;ing\u00e9nierie, d&rsquo;installation, de mise en\u00a0 service et de maintenance pour les petites et moyennes usines de raffinage, de gaz et de p\u00e9trochimie et leurs \u00e9quipements connexes.<\/p>\t\t\t\t\t\t<\/div>\n\t\t\t\t<\/div>\n\t\t\t\t\t<\/div>\n\t\t<\/div>\n\t\t\t\t\t\t\t<\/div>\n\t\t<\/section>\n\t\t\t\t\t\t\t<\/div>\n\t\t","protected":false},"excerpt":{"rendered":"<p>\u00c0 propos de nous Le Groupe PETROUNIQUE a \u00e9t\u00e9 officiellement fond\u00e9 en 2011 en tant que soci\u00e9t\u00e9 holding apr\u00e8s deux d\u00e9cennies d&rsquo;exp\u00e9rience dans le secteur priv\u00e9 par une soci\u00e9t\u00e9 de capital-investissement de premier plan profond\u00e9ment enracin\u00e9e dans l&rsquo;industrie p\u00e9troli\u00e8re. PETROUNIQUE DownStream est responsable de l&rsquo;EPC des mini-raffineries. En raison du besoin urgent de prot\u00e9ger les [&hellip;]<\/p>\n","protected":false},"author":1,"featured_media":0,"parent":0,"menu_order":0,"comment_status":"closed","ping_status":"closed","template":"","meta":{"footnotes":""},"class_list":["post-1786","page","type-page","status-publish","hentry"],"_links":{"self":[{"href":"https:\/\/petrounique.com\/fr\/wp-json\/wp\/v2\/pages\/1786","targetHints":{"allow":["GET"]}}],"collection":[{"href":"https:\/\/petrounique.com\/fr\/wp-json\/wp\/v2\/pages"}],"about":[{"href":"https:\/\/petrounique.com\/fr\/wp-json\/wp\/v2\/types\/page"}],"author":[{"embeddable":true,"href":"https:\/\/petrounique.com\/fr\/wp-json\/wp\/v2\/users\/1"}],"replies":[{"embeddable":true,"href":"https:\/\/petrounique.com\/fr\/wp-json\/wp\/v2\/comments?post=1786"}],"version-history":[{"count":0,"href":"https:\/\/petrounique.com\/fr\/wp-json\/wp\/v2\/pages\/1786\/revisions"}],"wp:attachment":[{"href":"https:\/\/petrounique.com\/fr\/wp-json\/wp\/v2\/media?parent=1786"}],"curies":[{"name":"wp","href":"https:\/\/api.w.org\/{rel}","templated":true}]}}